{"id":25,"date":"2022-02-18T06:44:40","date_gmt":"2022-02-18T06:44:40","guid":{"rendered":"https:\/\/www.dlabac.ch\/?page_id=182"},"modified":"2024-01-27T17:56:00","modified_gmt":"2024-01-27T17:56:00","slug":"about","status":"publish","type":"page","link":"https:\/\/www.dlabac.ch\/fr\/about\/","title":{"rendered":"ABOUT"},"content":{"rendered":"<div class=\"bm-builder clearfix \"><div id=\"\" class=\"module col-12 module-id-1680109657602 bm-wrap row-top row-left bm-wrap-height-auto\" data-module-col=\"12\" data-change-color=\"off\" data-backcolor=\"transparent\" data-frontcolor=\"\" data-logocolor=\"\" data-goto-top=\"off\" data-goto-top-spacing=\"0\" data-goto-disable-m=\"off\" data-groupsameheight=\"off\"><div class=\"module-inside group-inside\" style=\"--cornerRadius:0px 0px 0px 0px ; --top-mod: 0px;--bottom-mod: 0px;--top-mod-t: 0px;--bottom-mod-t: 0px;--top-mod-m:0px;--bottom-mod-m:0px;\" ><div id=\"\" class=\"module col-2 module-id-1680109696200 col-offset-3\" data-module-col=\"2\"><div class=\"module-inside single-image-inside\" style=\"--cornerRadius:0px 0px 0px 0px ; --top-mod: 0px;--bottom-mod: 0px;--top-mod-t: 0px;--bottom-mod-t: 0px;--top-mod-m:0px;--bottom-mod-m:0px;\" ><div class=\"single-image-out  \"  ><figure class=\"single-image   single-image-full   \" no><div class=\"ux-hover-wrap anima-wrap\" style=\"padding-top: 257.142857143%;\"><span class=\"ux-hover-wrap-a\"><img loading=\"lazy\" decoding=\"async\" alt=\"dlabac_ch_profil_about_veronika_dlabac_bwJPG\" class=\"single-image-img img1st lazy \" src=\"data:image\/gif;base64,R0lGODlhAQABAIAAAAAAAP\/\/\/yH5BAEAAAAALAAAAAABAAEAAAIBRAA7\" data-src=\"https:\/\/www.dlabac.ch\/wp-content\/uploads\/2023\/03\/dlabac_ch_profil_about_veronika_dlabac_bwJPG.jpg\" data-srcset=\"https:\/\/www.dlabac.ch\/wp-content\/uploads\/2023\/03\/dlabac_ch_profil_about_veronika_dlabac_bwJPG.jpg 420w, https:\/\/www.dlabac.ch\/wp-content\/uploads\/2023\/03\/dlabac_ch_profil_about_veronika_dlabac_bwJPG-117x300.jpg 117w, https:\/\/www.dlabac.ch\/wp-content\/uploads\/2023\/03\/dlabac_ch_profil_about_veronika_dlabac_bwJPG-398x1024.jpg 398w, https:\/\/www.dlabac.ch\/wp-content\/uploads\/2023\/03\/dlabac_ch_profil_about_veronika_dlabac_bwJPG-350x900.jpg 350w\" data-sizes=\"(max-width: 480px) 320px,(max-width: 767px) 500px,(max-width: 420px) 100vw, 420px\" width=\"420\" height=\"1080\" \/><\/span><\/div><\/figure><\/div><\/div><\/div><div id=\"\" class=\"module col-4 module-id-1680107728291 col-offset-1\" data-module-col=\"4\"><div class=\"module-inside text-inside\" style=\"--top-mod: 0px;--bottom-mod: 0px;--top-mod-t: 0px;--bottom-mod-t: 0px;--top-mod-m:0px;--bottom-mod-m:0px;\" ><div class=\"text_block_out\"  data-effect=\"standard\" style=\"\"><div class=\"text_block ux-mod-nobg\"><div class=\"text_block_inn\"><div id=\"text-1680107728291\" class=\"text_block_centered text_block_centered_enable_width\"  style=\"\"><p class=\"p1\"><span style=\"font-family: ux-font-1679253711653; font-size: 20px;\">Veronika DLAB\u00c1\u010c<\/span><\/p>\n<p>Titulaire d&rsquo;un doctorat du D\u00e9partement de Design de l&rsquo;Universit\u00e9 d&rsquo;Aalto, Helsinki<br><br>Veronika est une chercheuse, une artiste et une strat\u00e8ge culturelle bas\u00e9e en Suisse. Elle a travaill\u00e9 sur plusieurs projets culturels en Europe centrale et est actuellement employ\u00e9e pour cr\u00e9er une strat\u00e9gie culturelle pour l&rsquo;Espace Maurice Zundel \u00e0 Lausanne.<br><br>G\u00e9n\u00e9rer de petites interventions qui produisent un changement important, tel \u00e9tait l&rsquo;int\u00e9r\u00eat de la plateforme de 11 organisations europ\u00e9ennes r\u00e9unies sous le nom de Shared Cities o\u00f9 Veronika a travaill\u00e9 pour l&rsquo;un des projets appel\u00e9 Vivid Square en tant que manager culturel. De 2016 \u00e0 2020, Shared Cities s&rsquo;est engag\u00e9 directement avec environ 60 000 citoyens europ\u00e9ens \u00e0 travers 495 \u00e9v\u00e9nements et a atteint un public mondial de 25 millions de personnes \u00e0 travers une vari\u00e9t\u00e9 de plateformes m\u00e9diatiques.<\/p><\/div><\/div><\/div><\/div><\/div><\/div><\/div><\/div><div id=\"\" class=\"module col-12 module-id-1680110187009 bm-wrap row-top row-left bm-wrap-height-auto col-offset-0\" data-module-col=\"12\" data-change-color=\"off\" data-backcolor=\"transparent\" data-frontcolor=\"\" data-logocolor=\"\" data-goto-top=\"off\" data-goto-top-spacing=\"0\" data-goto-disable-m=\"off\" data-groupsameheight=\"off\"><div class=\"module-inside group-inside\" style=\"--cornerRadius:0px 0px 0px 0px ; --top-mod: 120px;--bottom-mod: 20px;--top-mod-t: 120px;--bottom-mod-t: 20px;--top-mod-m:60px;--bottom-mod-m:10px;\" ><div id=\"\" class=\"module col-2 module-id-1680109783285 col-offset-1\" data-module-col=\"2\"><div class=\"module-inside single-image-inside\" style=\"--cornerRadius:0px 0px 0px 0px ; --top-mod: 0px;--bottom-mod: 0px;--top-mod-t: 0px;--bottom-mod-t: 0px;--top-mod-m:0px;--bottom-mod-m:0px;\" ><div class=\"single-image-out  \"  ><figure class=\"single-image   single-image-full   \" no><div class=\"ux-hover-wrap anima-wrap\" style=\"padding-top: 256.532066508%;\"><span class=\"ux-hover-wrap-a\"><img loading=\"lazy\" decoding=\"async\" alt=\"dlabac_ch_profil_about_frantisek_dlabac_bw\" class=\"single-image-img img1st lazy \" src=\"data:image\/gif;base64,R0lGODlhAQABAIAAAAAAAP\/\/\/yH5BAEAAAAALAAAAAABAAEAAAIBRAA7\" data-src=\"https:\/\/www.dlabac.ch\/wp-content\/uploads\/2023\/03\/dlabac_ch_profil_about_frantisek_dlabac_bw.jpg\" data-srcset=\"https:\/\/www.dlabac.ch\/wp-content\/uploads\/2023\/03\/dlabac_ch_profil_about_frantisek_dlabac_bw.jpg 421w, https:\/\/www.dlabac.ch\/wp-content\/uploads\/2023\/03\/dlabac_ch_profil_about_frantisek_dlabac_bw-117x300.jpg 117w, https:\/\/www.dlabac.ch\/wp-content\/uploads\/2023\/03\/dlabac_ch_profil_about_frantisek_dlabac_bw-399x1024.jpg 399w, https:\/\/www.dlabac.ch\/wp-content\/uploads\/2023\/03\/dlabac_ch_profil_about_frantisek_dlabac_bw-350x898.jpg 350w\" data-sizes=\"(max-width: 480px) 320px,(max-width: 767px) 500px,(max-width: 421px) 100vw, 421px\" width=\"421\" height=\"1080\" \/><\/span><\/div><\/figure><\/div><\/div><\/div><div id=\"\" class=\"module col-4 module-id-1680107890314 col-offset-3\" data-module-col=\"4\"><div class=\"module-inside text-inside\" style=\"--top-mod: 0px;--bottom-mod: 179px;--top-mod-t: 0px;--bottom-mod-t: 180px;--top-mod-m:0px;--bottom-mod-m:90px;\" ><div class=\"text_block_out\"  data-effect=\"standard\" style=\"\"><div class=\"text_block ux-mod-nobg\"><div class=\"text_block_inn\"><div id=\"text-1680107890314\" class=\"text_block_centered text_block_centered_enable_width\"  style=\"\"><p class=\"p1\"><span style=\"font-size: 20px;\" data-msize=\"16px\"><span style=\"font-family: ux-font-1679253711653;\">Franti\u0161ek<\/span> <span style=\"font-family: ux-font-1679253711653;\">DLAB\u00c1\u010c<\/span><\/span><\/p>\n<p class=\"p1\"><span class=\"s1\">architecte, membre SKA (Chambre slovaque des architectes)<\/span><\/p>\n<p>&nbsp;<\/p>\n<p class=\"p1\"><span class=\"s1\">Dipl\u00f4m\u00e9 de l\u2019Universit\u00e9 technique de Brno en 2013, Franti\u0161ek d\u00e9bute sa carri\u00e8re professionnelle \u00e0 Lausanne dans le bureau Ivan Kolecek.<\/span><\/p>\n<p>&nbsp;<\/p>\n<p class=\"p1\"><span class=\"s1\">Par la suite, il a continu\u00e9 \u00e0 s\u2019int\u00e9resser \u00e0 l\u2019architecture \u00e9cologique et poursuivi son travail \u00e0 l\u2019atelier niv-o chez Ivo Frei. Il a compl\u00e9t\u00e9 ses comp\u00e9tences dans la construction durable et la direction des travaux en suivant divers projets, notamment la derni\u00e8re r\u00e9alisation, <strong><span style=\"color: #00ff00;\"><a class=\"\" style=\"color: #00ff00;\" href=\"http:\/\/nivo.ch\/lavigny.html\" target=\"_blank\" rel=\"noopener\">la construction de 23 appartements prot\u00e9g\u00e9s<\/a><\/span><\/strong>, qui r\u00e9pondent aux besoins de personnes ayant des probl\u00e8mes de mobilit\u00e9 et des faiblesses psychiques.&nbsp;<\/span><\/p><\/div><\/div><\/div><\/div><\/div><\/div><\/div><\/div><\/div>","protected":false},"excerpt":{"rendered":"<p>Veronika DLAB\u00c1\u010c Titulaire d&rsquo;un doctorat du D\u00e9partement de Design de &hellip;<\/p>\n","protected":false},"author":1,"featured_media":0,"parent":0,"menu_order":0,"comment_status":"closed","ping_status":"closed","template":"","meta":{"inline_featured_image":false,"footnotes":""},"class_list":["post-25","page","type-page","status-publish","hentry"],"_links":{"self":[{"href":"https:\/\/www.dlabac.ch\/fr\/wp-json\/wp\/v2\/pages\/25","targetHints":{"allow":["GET"]}}],"collection":[{"href":"https:\/\/www.dlabac.ch\/fr\/wp-json\/wp\/v2\/pages"}],"about":[{"href":"https:\/\/www.dlabac.ch\/fr\/wp-json\/wp\/v2\/types\/page"}],"author":[{"embeddable":true,"href":"https:\/\/www.dlabac.ch\/fr\/wp-json\/wp\/v2\/users\/1"}],"replies":[{"embeddable":true,"href":"https:\/\/www.dlabac.ch\/fr\/wp-json\/wp\/v2\/comments?post=25"}],"version-history":[{"count":2,"href":"https:\/\/www.dlabac.ch\/fr\/wp-json\/wp\/v2\/pages\/25\/revisions"}],"predecessor-version":[{"id":238,"href":"https:\/\/www.dlabac.ch\/fr\/wp-json\/wp\/v2\/pages\/25\/revisions\/238"}],"wp:attachment":[{"href":"https:\/\/www.dlabac.ch\/fr\/wp-json\/wp\/v2\/media?parent=25"}],"curies":[{"name":"wp","href":"https:\/\/api.w.org\/{rel}","templated":true}]}}